{"id":476,"date":"2017-06-13T04:11:50","date_gmt":"2017-06-13T04:11:50","guid":{"rendered":"https:\/\/demo.themegrill.com\/suffice\/?page_id=5"},"modified":"2025-03-12T11:16:35","modified_gmt":"2025-03-12T11:16:35","slug":"home","status":"publish","type":"page","link":"https:\/\/www.metalsuvak.com\/","title":{"rendered":"HOME"},"content":{"rendered":"<div id=\"pl-476\"  class=\"panel-layout\" ><div id=\"pg-476-0\"  class=\"panel-grid panel-has-style\" ><div class=\"siteorigin-panels-stretch panel-row-style panel-row-style-for-476-0\" data-stretch-type=\"full-stretched\" ><div id=\"pgc-476-0-0\"  class=\"panel-grid-cell\" ><div id=\"panel-476-0-0-0\" class=\"so-panel widget widget_themegrill_suffice_slider tg-section tg-slider-widget panel-first-child panel-last-child\" data-index=\"0\" >\n\t<div class=\"slider slider-hide-controls slider-controls-flat slider-height--default\">\n\t\t<div class=\"swiper-container\" data-swiper-autoplay=\"true\">\n\t\t\t<div class=\"swiper-wrapper\">\n\t\t\t\t\t\t\t\t\t\t<div class=\"swiper-slide\">\n\t\t\t\t\t\t\t<div class=\"slider-content slider-content-default slider-content--left\">\n\t\t\t\t\t\t\t\t<div class=\"container\">\n\t\t\t\t\t\t\t\t\t<div class=\"slider-content-inner\">\n\t\t\t\t\t\t\t\t\t\t\t\t\t\t\t\t\t\t\t\t\t<h3 class=\"slider-title\">DOBRO DO\u0160LI<\/h3>\n\t\t\t\t\t\t\t\t\t\t\n\t\t\t\t\t\t\t\t\t\t\t\t\t\t\t\t\t\t\t\t\t<p class=\"slider-description\">Va\u0161e interesovanje za zajedni\u010dku saradnju, a na\u0161a satisfakcija i izazov!<\/p>\n\t\t\t\t\t\t\t\t\t\t\n\t\t\t\t\t\t\t\t\t\t\t\t\t\t\t\t\t\t\t<\/div> <!-- slider-content-inner -->\n\t\t\t\t\t\t\t\t<\/div> <!-- .container -->\n\t\t\t\t\t\t\t<\/div> <!-- .slider-content -->\n\t\t\t\t\t\t\t<figure class=\"slider-thumbnail\">\n\t\t\t\t\t\t\t\t<img decoding=\"async\" src=\"https:\/\/www.metalsuvak.com\/wp-content\/uploads\/2019\/07\/slider-1.jpg\" alt=\"DOBRO DO\u0160LI\" \/>\n\t\t\t\t\t\t\t<\/figure>\n\t\t\t\t\t\t<\/div> <!-- swiper-slide -->\n\t\t\t\t\t\t\t\t\t\t\t\t<div class=\"swiper-slide\">\n\t\t\t\t\t\t\t<div class=\"slider-content slider-content-default slider-content--left\">\n\t\t\t\t\t\t\t\t<div class=\"container\">\n\t\t\t\t\t\t\t\t\t<div class=\"slider-content-inner\">\n\t\t\t\t\t\t\t\t\t\t\t\t\t\t\t\t\t\t\t\t\t<h3 class=\"slider-title\">FOKUSIRANI NA KVALITET<\/h3>\n\t\t\t\t\t\t\t\t\t\t\n\t\t\t\t\t\t\t\t\t\t\t\t\t\t\t\t\t\t\t\t\t<p class=\"slider-description\">Ve\u0107 tri decenije \u0160UVAK METAL d.o.o je porodi\u010dno preduze\u0107e!<\/p>\n\t\t\t\t\t\t\t\t\t\t\n\t\t\t\t\t\t\t\t\t\t\t\t\t\t\t\t\t\t\t<\/div> <!-- slider-content-inner -->\n\t\t\t\t\t\t\t\t<\/div> <!-- .container -->\n\t\t\t\t\t\t\t<\/div> <!-- .slider-content -->\n\t\t\t\t\t\t\t<figure class=\"slider-thumbnail\">\n\t\t\t\t\t\t\t\t<img decoding=\"async\" src=\"https:\/\/www.metalsuvak.com\/wp-content\/uploads\/2019\/07\/slider-4.jpg\" alt=\"FOKUSIRANI NA KVALITET\" \/>\n\t\t\t\t\t\t\t<\/figure>\n\t\t\t\t\t\t<\/div> <!-- swiper-slide -->\n\t\t\t\t\t\t\t\t\t<\/div> <!-- end swiper-wrapper -->\n\n\t\t\t<div class=\"swiper-pagination\"><\/div>\n\t\t\t<div class=\"swiper-button-next\"><\/div>\n\t\t\t<div class=\"swiper-button-prev\"><\/div>\n\t\t<\/div> <!-- end swiper-container -->\n\n\t<\/div> <!-- end slider -->\n<\/div><\/div><\/div><\/div><div id=\"pg-476-1\"  class=\"panel-grid panel-has-style\" ><div class=\"siteorigin-panels-stretch panel-row-style panel-row-style-for-476-1\" data-stretch-type=\"full\" ><div id=\"pgc-476-1-0\"  class=\"panel-grid-cell\" ><div id=\"panel-476-1-0-0\" class=\"so-panel widget widget_siteorigin-panels-builder panel-first-child panel-last-child\" data-index=\"1\" ><div class=\"panel-widget-style panel-widget-style-for-476-1-0-0\" ><div id=\"pl-w67d16d13ce43c\"  class=\"panel-layout\" ><div id=\"pg-w67d16d13ce43c-0\"  class=\"panel-grid panel-no-style\" ><div id=\"pgc-w67d16d13ce43c-0-0\"  class=\"panel-grid-cell\" ><div id=\"panel-w67d16d13ce43c-0-0-0\" class=\"so-panel widget widget_themegrill_suffice_iconbox tg-iconbox-container panel-first-child panel-last-child\" data-index=\"0\" ><div class=\"icon-box icon-box-center icon-box-hexagon\">\n\t\t\t<div class=\"icon-box-icon\" style=color:#ffffff;font-size:32px;background-color:#dd9ebd;>\n\t\t\t<div class=\"icon-box-icon-container\">\n\t\t\t\t<div class=\"icon-box-inner-icon\">\n\t\t\t\t\t<i class=\"fa fa-map-marker\"><\/i>\n\t\t\t\t<\/div>\n\t\t\t<\/div>\n\t\t<\/div>\n\t\t\t<div class=\"icon-box-description\">\n\t\t\t\t\t<h5 class=\"icon-box-title\">LOKACIJA<\/h5>\n\t\t\t\t\t\t\t<p class=\"icon-box-content\">NA\u0160A lokacija olak\u0161ava, odnosno ubrzava transport proizvoda do kupca. Kozarska Dubica je na sjeverozapadu BiH na granici sa Republikom Hrvatskom, odnosno Evropskom unijom, svega 20 km udaljena od auto-puta Zagreb-Beograd, glavnog putnog pravca koji spaja zapadnu sa isto\u010dnom i jugoisto\u010dnom Evropom.<\/p>\n\t\t\t\t\t\t\t<a class=\"icon-box-readmore\" href=\"https:\/\/goo.gl\/maps\/LwZmvHUy3gM6TeK1A\">GOOGLE MAP<\/a>\n\t\t\t<\/div>\n<\/div> <!-- end icon-box -->\n<\/div><\/div><div id=\"pgc-w67d16d13ce43c-0-1\"  class=\"panel-grid-cell\" ><div id=\"panel-w67d16d13ce43c-0-1-0\" class=\"so-panel widget widget_themegrill_suffice_iconbox tg-iconbox-container panel-first-child panel-last-child\" data-index=\"1\" ><div class=\"icon-box icon-box-center icon-box-hexagon\">\n\t\t\t<div class=\"icon-box-icon\" style=color:#ffffff;font-size:32px;background-color:#a0c695;>\n\t\t\t<div class=\"icon-box-icon-container\">\n\t\t\t\t<div class=\"icon-box-inner-icon\">\n\t\t\t\t\t<i class=\"fa fa-wrench\"><\/i>\n\t\t\t\t<\/div>\n\t\t\t<\/div>\n\t\t<\/div>\n\t\t\t<div class=\"icon-box-description\">\n\t\t\t\t\t<h5 class=\"icon-box-title\">TEHNOLO\u0160KE MOGU\u0106NOSTI<\/h5>\n\t\t\t\t\t\t\t<p class=\"icon-box-content\">Posjedujemo 40 konvencionalnih i 10 CNC masina sa 35 iskusnih, ali i mladih, ambicioznih i vjestih strucnjaka. Sa dugogodisnjom tradicijom, stekli smo znanje i iskustva neophodna za izradu najslozenijih dijelova i alata. <\/p>\n\t\t\t\t\t\t\t<a class=\"icon-box-readmore\" href=\"https:\/\/www.metal-suvak.com\/wp-content\/uploads\/2019\/09\/lista-masina-download1.pdf\"target=&quot;_blank&quot;>PDF FILE<\/a>\n\t\t\t<\/div>\n<\/div> <!-- end icon-box -->\n<\/div><\/div><div id=\"pgc-w67d16d13ce43c-0-2\"  class=\"panel-grid-cell\" ><div id=\"panel-w67d16d13ce43c-0-2-0\" class=\"so-panel widget widget_themegrill_suffice_iconbox tg-iconbox-container panel-first-child panel-last-child\" data-index=\"2\" ><div class=\"icon-box icon-box-center icon-box-hexagon\">\n\t\t\t<div class=\"icon-box-icon\" style=color:#ffffff;font-size:32px;background-color:#7be0f2;>\n\t\t\t<div class=\"icon-box-icon-container\">\n\t\t\t\t<div class=\"icon-box-inner-icon\">\n\t\t\t\t\t<i class=\"fa fa-rocket\"><\/i>\n\t\t\t\t<\/div>\n\t\t\t<\/div>\n\t\t<\/div>\n\t\t\t<div class=\"icon-box-description\">\n\t\t\t\t\t<h5 class=\"icon-box-title\">MISIJA<\/h5>\n\t\t\t\t\t\t\t<p class=\"icon-box-content\">Na\u0161a misija i zadatak je da ideje\/zahtjeve na\u0161ih klijenata pretvorimo u proizvode vrhunske kvalitete. Pored dugogodi\u0161nje tradicije obrade metala i najsavremenijih ma\u0161ina u na\u0161im proizvodnim pogonima, najve\u0107om prednosti \u0160UVAK METAL d.o.o. smatramo na\u0161e zaposlene. Upravo oni su ti koji svakodnevno ostvaruju misiju na\u0161e firme - vrhunski kvalitet po najvi\u0161im standardima. <\/p>\n\t\t\t\t\t<\/div>\n<\/div> <!-- end icon-box -->\n<\/div><\/div><div id=\"pgc-w67d16d13ce43c-0-3\"  class=\"panel-grid-cell\" ><div id=\"panel-w67d16d13ce43c-0-3-0\" class=\"so-panel widget widget_themegrill_suffice_iconbox tg-iconbox-container panel-first-child panel-last-child\" data-index=\"3\" ><div class=\"icon-box icon-box-center icon-box-hexagon\">\n\t\t\t<div class=\"icon-box-icon\" style=color:#ffffff;font-size:32px;background-color:#ddd69e;>\n\t\t\t<div class=\"icon-box-icon-container\">\n\t\t\t\t<div class=\"icon-box-inner-icon\">\n\t\t\t\t\t<i class=\"fa fa-eye\"><\/i>\n\t\t\t\t<\/div>\n\t\t\t<\/div>\n\t\t<\/div>\n\t\t\t<div class=\"icon-box-description\">\n\t\t\t\t\t<h5 class=\"icon-box-title\">VIZIJA<\/h5>\n\t\t\t\t\t\t\t<p class=\"icon-box-content\">Neprekidan razvoj u korak s tehnolo\u0161kim dostignu\u0107ima i o\u010duvanje vrhunskog kvaliteta proizvoda i usluga koje na\u0161e preduze\u0107e izdvajaju od drugih.\nKonstantno ulaganje u modernizaciju proizvodnih pogona, zajedno sa razvojem na\u0161eg tima iskusnih, ali i mladih ambicioznih stru\u010dnjaka, najbolja su garancija za kvalitet u polju izrade \u0161irokog asortimana proizvoda.<\/p>\n\t\t\t\t\t<\/div>\n<\/div> <!-- end icon-box -->\n<\/div><\/div><\/div><\/div><\/div><\/div><\/div><\/div><\/div><div id=\"pg-476-2\"  class=\"panel-grid panel-has-style\" ><div class=\"siteorigin-panels-stretch panel-row-style panel-row-style-for-476-2\" data-stretch-type=\"full\" ><div id=\"pgc-476-2-0\"  class=\"panel-grid-cell\" ><div id=\"panel-476-2-0-0\" class=\"so-panel widget widget_themegrill_suffice_title tg-title-container panel-first-child\" data-index=\"2\" ><div class=\"title title-default title-center\">\n\t<h3 class=\"title-title\">PORTFOLIO<\/h3>\n\n\t\n\t\n\t<\/div>\n<\/div><div id=\"panel-476-2-0-1\" class=\"so-panel widget widget_themegrill_suffice_portfolio tg-portfolio-container panel-last-child\" data-index=\"3\" ><div class=\"portfolio-container\"><nav class=\"portfolio-navigation portfolio-navigation-normal portfolio-navigation-center\"><ul class=\"navigation-portfolio\"><li class=\"active\"><a data-filter=\"*\">All<\/a><\/li><li><a data-filter='.photography'>Photography<\/a><\/li>\n<li><a data-filter='.web-design'>Web Design<\/a><\/li>\n<\/ul><\/nav><ul class=\"portfolio-items row text-on-hover\"><li class=\"portfolio-item col-md-3 photography \" data-category=\"photography \"><figure class=\"portfolio-item-thumbnail\"><a href=\"https:\/\/www.metalsuvak.com\/?portfolio=photography-2\" ><img loading=\"lazy\" decoding=\"async\" width=\"572\" height=\"552\" src=\"https:\/\/www.metalsuvak.com\/wp-content\/uploads\/2017\/07\/saradnici1n-572x552.jpg\" class=\"attachment-suffice-thumbnail-portfolio size-suffice-thumbnail-portfolio wp-post-image\" alt=\"\" \/><\/a><figcaption class=\"portfolio-item-description\"><h5 class=\"portfolio-item-title\"><a href = \"https:\/\/www.metalsuvak.com\/?portfolio=photography-2\">Na\u0161i klijenti<\/a><\/h5><span class=\"portfolio-item-categories\">Photography<\/span><\/figcaption><\/figure><\/li><li class=\"portfolio-item col-md-3 web-design \" data-category=\"web-design \"><figure class=\"portfolio-item-thumbnail\"><a href=\"https:\/\/www.metalsuvak.com\/?portfolio=photography\" ><img loading=\"lazy\" decoding=\"async\" width=\"572\" height=\"552\" src=\"https:\/\/www.metalsuvak.com\/wp-content\/uploads\/2017\/07\/p-procesi-572x552.jpg\" class=\"attachment-suffice-thumbnail-portfolio size-suffice-thumbnail-portfolio wp-post-image\" alt=\"\" \/><\/a><figcaption class=\"portfolio-item-description\"><h5 class=\"portfolio-item-title\"><a href = \"https:\/\/www.metalsuvak.com\/?portfolio=photography\">Proizvodni procesi<\/a><\/h5><span class=\"portfolio-item-categories\">Web Design<\/span><\/figcaption><\/figure><\/li><li class=\"portfolio-item col-md-3 web-design \" data-category=\"web-design \"><figure class=\"portfolio-item-thumbnail\"><a href=\"https:\/\/www.metalsuvak.com\/?portfolio=web-development\" ><img loading=\"lazy\" decoding=\"async\" width=\"572\" height=\"552\" src=\"https:\/\/www.metalsuvak.com\/wp-content\/uploads\/2017\/07\/payment-572x552.jpg\" class=\"attachment-suffice-thumbnail-portfolio size-suffice-thumbnail-portfolio wp-post-image\" alt=\"\" \/><\/a><figcaption class=\"portfolio-item-description\"><h5 class=\"portfolio-item-title\"><a href = \"https:\/\/www.metalsuvak.com\/?portfolio=web-development\">Instrukcije za pla\u0107anje<\/a><\/h5><span class=\"portfolio-item-categories\">Web Design<\/span><\/figcaption><\/figure><\/li><li class=\"portfolio-item col-md-3 web-design \" data-category=\"web-design \"><figure class=\"portfolio-item-thumbnail\"><a href=\"https:\/\/www.metalsuvak.com\/?portfolio=typography\" ><img loading=\"lazy\" decoding=\"async\" width=\"572\" height=\"552\" src=\"https:\/\/www.metalsuvak.com\/wp-content\/uploads\/2017\/07\/hr-572x552.jpg\" class=\"attachment-suffice-thumbnail-portfolio size-suffice-thumbnail-portfolio wp-post-image\" alt=\"\" \/><\/a><figcaption class=\"portfolio-item-description\"><h5 class=\"portfolio-item-title\"><a href = \"https:\/\/www.metalsuvak.com\/?portfolio=typography\">Ljudski resursi<\/a><\/h5><span class=\"portfolio-item-categories\">Web Design<\/span><\/figcaption><\/figure><\/li><\/ul><!-- \/ul.portfolio-items --><\/div><!-- \/.portfolio-container --><\/div><\/div><\/div><\/div><div id=\"pg-476-3\"  class=\"panel-grid panel-has-style\" ><div class=\"panel-row-style panel-row-style-for-476-3\" ><div id=\"pgc-476-3-0\"  class=\"panel-grid-cell\" ><div id=\"panel-476-3-0-0\" class=\"so-panel widget widget_themegrill_suffice_title tg-title-container panel-first-child\" data-index=\"4\" ><div class=\"title title-default title-center\">\n\t<h3 class=\"title-title\">KONTAKT OSOBE<\/h3>\n\n\t\t\t<p class=\"sub-title\">Mi smo tu da Vam odgovorimo na sva Va\u0161a pitanja i olak\u0161amo saradnju.<\/p>\n\t\n\t\n\t<\/div>\n<\/div><div id=\"panel-476-3-0-1\" class=\"so-panel widget widget_siteorigin-panels-builder panel-last-child\" data-index=\"5\" ><div id=\"pl-w67d16cd58f0db\"  class=\"panel-layout\" ><div id=\"pg-w67d16cd58f0db-0\"  class=\"panel-grid panel-no-style\" ><div id=\"pgc-w67d16cd58f0db-0-0\"  class=\"panel-grid-cell\" ><div id=\"panel-w67d16cd58f0db-0-0-0\" class=\"so-panel widget widget_themegrill_suffice_team tg-team-container panel-first-child panel-last-child\" data-index=\"0\" ><div class=\"team-member team-bubble\">\n\t<div class=\"team-member-inner\">\n\t\t<figure class=\"team-member-thumbnail\">\n\t\t\t<span class=\"team-bubble-one\"><\/span>\n\t\t\t<span class=\"team-bubble-two\"><\/span>\n\t\t\t\t\t\t\t<div class=\"team-member-thumbnail-inner\">\n\t\t\t\t\t<img decoding=\"async\" src=\"https:\/\/www.metalsuvak.com\/wp-content\/uploads\/2019\/07\/dejan-2.jpg\" alt=\"Generalni direktor \u2013 Vlasnik\" \/>\n\t\t\t\t<\/div>\n\t\t\t\t\t\t\t\t<\/figure>\n\t\t<div class=\"team-member-description\">\n\t\t\t\t\t\t<h5 class=\"team-member-title\">Generalni direktor \u2013 Vlasnik<\/h5>\n\t\t\t\t\t\t\t\t\t<span class=\"team-member-position\">+38765784416 metalsuvak@gmail.com<\/span>\n\t\t\t\t\t\t\t\t<\/div>\n\t<\/div> <!-- .team-member-inner -->\n<\/div> <!-- end team-member -->\n<\/div><\/div><div id=\"pgc-w67d16cd58f0db-0-1\"  class=\"panel-grid-cell\" ><div id=\"panel-w67d16cd58f0db-0-1-0\" class=\"so-panel widget widget_themegrill_suffice_team tg-team-container panel-first-child panel-last-child\" data-index=\"1\" ><div class=\"team-member team-bubble\">\n\t<div class=\"team-member-inner\">\n\t\t<figure class=\"team-member-thumbnail\">\n\t\t\t<span class=\"team-bubble-one\"><\/span>\n\t\t\t<span class=\"team-bubble-two\"><\/span>\n\t\t\t\t\t\t\t<div class=\"team-member-thumbnail-inner\">\n\t\t\t\t\t<img decoding=\"async\" src=\"https:\/\/www.metalsuvak.com\/wp-content\/uploads\/2025\/03\/vladimir.jpg\" alt=\"Rukovodilac organizacije poslovnih procesa\" \/>\n\t\t\t\t<\/div>\n\t\t\t\t\t\t\t\t<\/figure>\n\t\t<div class=\"team-member-description\">\n\t\t\t\t\t\t<h5 class=\"team-member-title\">Rukovodilac organizacije poslovnih procesa<\/h5>\n\t\t\t\t\t\t\t\t\t<span class=\"team-member-position\">+387 65 781 193 zivkovic.suvakmetal@gmail.com<\/span>\n\t\t\t\t\t\t\t\t<\/div>\n\t<\/div> <!-- .team-member-inner -->\n<\/div> <!-- end team-member -->\n<\/div><\/div><div id=\"pgc-w67d16cd58f0db-0-2\"  class=\"panel-grid-cell\" ><div id=\"panel-w67d16cd58f0db-0-2-0\" class=\"so-panel widget widget_themegrill_suffice_team tg-team-container panel-first-child panel-last-child\" data-index=\"2\" ><div class=\"team-member team-bubble\">\n\t<div class=\"team-member-inner\">\n\t\t<figure class=\"team-member-thumbnail\">\n\t\t\t<span class=\"team-bubble-one\"><\/span>\n\t\t\t<span class=\"team-bubble-two\"><\/span>\n\t\t\t\t\t\t\t<div class=\"team-member-thumbnail-inner\">\n\t\t\t\t\t<img decoding=\"async\" src=\"https:\/\/www.metalsuvak.com\/wp-content\/uploads\/2025\/03\/dejan.jpg\" alt=\"Rukovodilac kontrole kvaliteta\" \/>\n\t\t\t\t<\/div>\n\t\t\t\t\t\t\t\t<\/figure>\n\t\t<div class=\"team-member-description\">\n\t\t\t\t\t\t<h5 class=\"team-member-title\">Rukovodilac kontrole kvaliteta<\/h5>\n\t\t\t\t\t\t\t\t\t<span class=\"team-member-position\">+387 66 819 470 miokovic.metalsuvak@gmail.com<\/span>\n\t\t\t\t\t\t\t\t<\/div>\n\t<\/div> <!-- .team-member-inner -->\n<\/div> <!-- end team-member -->\n<\/div><\/div><div id=\"pgc-w67d16cd58f0db-0-3\"  class=\"panel-grid-cell\" ><div id=\"panel-w67d16cd58f0db-0-3-0\" class=\"so-panel widget widget_themegrill_suffice_team tg-team-container panel-first-child panel-last-child\" data-index=\"3\" ><div class=\"team-member team-bubble\">\n\t<div class=\"team-member-inner\">\n\t\t<figure class=\"team-member-thumbnail\">\n\t\t\t<span class=\"team-bubble-one\"><\/span>\n\t\t\t<span class=\"team-bubble-two\"><\/span>\n\t\t\t\t\t\t\t<div class=\"team-member-thumbnail-inner\">\n\t\t\t\t\t<img decoding=\"async\" src=\"https:\/\/www.metalsuvak.com\/wp-content\/uploads\/2019\/07\/SUZANA.jpg\" alt=\"Komercijalni menad\u017eer\" \/>\n\t\t\t\t<\/div>\n\t\t\t\t\t\t\t\t<\/figure>\n\t\t<div class=\"team-member-description\">\n\t\t\t\t\t\t<h5 class=\"team-member-title\">Komercijalni menad\u017eer<\/h5>\n\t\t\t\t\t\t\t\t\t<span class=\"team-member-position\">+38765717125 suzanasuvak@gmail.com<\/span>\n\t\t\t\t\t\t\t\t<\/div>\n\t<\/div> <!-- .team-member-inner -->\n<\/div> <!-- end team-member -->\n<\/div><\/div><\/div><\/div><\/div><\/div><\/div><\/div><\/div>","protected":false},"excerpt":{"rendered":"","protected":false},"author":1,"featured_media":0,"parent":0,"menu_order":0,"comment_status":"closed","ping_status":"closed","template":"page-templates\/page-builder.php","meta":{"footnotes":""},"class_list":["post-476","page","type-page","status-publish","hentry"],"_links":{"self":[{"href":"https:\/\/www.metalsuvak.com\/index.php?rest_route=\/wp\/v2\/pages\/476","targetHints":{"allow":["GET"]}}],"collection":[{"href":"https:\/\/www.metalsuvak.com\/index.php?rest_route=\/wp\/v2\/pages"}],"about":[{"href":"https:\/\/www.metalsuvak.com\/index.php?rest_route=\/wp\/v2\/types\/page"}],"author":[{"embeddable":true,"href":"https:\/\/www.metalsuvak.com\/index.php?rest_route=\/wp\/v2\/users\/1"}],"replies":[{"embeddable":true,"href":"https:\/\/www.metalsuvak.com\/index.php?rest_route=%2Fwp%2Fv2%2Fcomments&post=476"}],"version-history":[{"count":161,"href":"https:\/\/www.metalsuvak.com\/index.php?rest_route=\/wp\/v2\/pages\/476\/revisions"}],"predecessor-version":[{"id":911,"href":"https:\/\/www.metalsuvak.com\/index.php?rest_route=\/wp\/v2\/pages\/476\/revisions\/911"}],"wp:attachment":[{"href":"https:\/\/www.metalsuvak.com\/index.php?rest_route=%2Fwp%2Fv2%2Fmedia&parent=476"}],"curies":[{"name":"wp","href":"https:\/\/api.w.org\/{rel}","templated":true}]}}