{"id":2,"date":"2019-07-22T19:56:09","date_gmt":"2019-07-22T19:56:09","guid":{"rendered":"https:\/\/www.metalsuvak.com\/?page_id=2"},"modified":"2025-03-12T11:05:41","modified_gmt":"2025-03-12T11:05:41","slug":"sample-page","status":"publish","type":"page","link":"https:\/\/www.metalsuvak.com\/?page_id=2","title":{"rendered":"O NAMA"},"content":{"rendered":"\n<p>Preduze\u0107e je osnovano 1989, godine, kao samostalna zanatska radnja sa tri zaposlena radnika. Proizvodnja se obavljala na automatskim ma\u0161inama, a bila je bazirana na izradi i odr\u017eavanju ma\u0161ina i postrojenja. \u201e\u0160UVAK METAL\u201c d.o.o, od postanka u kontinuitetu pro\u0161iruje svoje kapacitete i djelatnosti, te je danas preduze\u0107e koje ima veoma \u0161irok obim proizvodnje i usluga. Visok nivo usluge i spremnosti da se odgovori na zahtjeve kupaca u kratkom roku, jedan je od razloga zbog kojih nam mnoga doma\u0107a i inostrana preduze\u0107a ukazuju povjerenje i nude poslovnu saradnju.<\/p>\n\n\n\n<p>\u0160UVAK METAL d.o.o. sa sjedi\u0161tem u Kozarskoj Dubici, danas je preduzece koje posjeduje 40 konvencionalnih i 10 CNC ma\u0161ina, lasersko rezanje i presu za motanje lima, sa 35 iskusnih, ali i mladih, ambicioznih i vje\u0161tih stru\u010dnjaka. Sa dugogodi\u0161njom tradicijom, stekli smo znanje i iskustva neophodna za izradu najslo\u017eenijih dijelova i alata.<\/p>\n\n\n\n<p>\u0160UVAK METAL d.o.o je u stalnom razvoju, sto dovodi do intenzivnog ulaganja u ljudske resurse i savremeniju tehnologiju, sve kako bi saradnja sa nasim partnerima bila na najvi\u0161em tehnolo\u0161kom nivou.<\/p>\n\n\n\n<p>ISO 3834<\/p>\n\n\n\n<div class=\"wp-block-file\"><a href=\"https:\/\/www.metalsuvak.com\/wp-content\/uploads\/2020\/09\/ISO-9001-BiH-2.pdf\">ISO-9001-BiH-2<\/a><a href=\"https:\/\/www.metalsuvak.com\/wp-content\/uploads\/2020\/09\/ISO-9001-BiH-2.pdf\" class=\"wp-block-file__button wp-element-button\" download>Download<\/a><\/div>\n","protected":false},"excerpt":{"rendered":"<p>Preduze\u0107e je osnovano 1989, godine, kao samostalna zanatska radnja sa tri zaposlena radnika. Proizvodnja se obavljala na automatskim ma\u0161inama, a bila je bazirana na izradi i odr\u017eavanju ma\u0161ina i postrojenja. \u201e\u0160UVAK METAL\u201c d.o.o, od postanka u kontinuitetu pro\u0161iruje svoje kapacitete<\/p>\n","protected":false},"author":1,"featured_media":0,"parent":0,"menu_order":0,"comment_status":"closed","ping_status":"open","template":"","meta":{"footnotes":""},"class_list":["post-2","page","type-page","status-publish","hentry"],"_links":{"self":[{"href":"https:\/\/www.metalsuvak.com\/index.php?rest_route=\/wp\/v2\/pages\/2","targetHints":{"allow":["GET"]}}],"collection":[{"href":"https:\/\/www.metalsuvak.com\/index.php?rest_route=\/wp\/v2\/pages"}],"about":[{"href":"https:\/\/www.metalsuvak.com\/index.php?rest_route=\/wp\/v2\/types\/page"}],"author":[{"embeddable":true,"href":"https:\/\/www.metalsuvak.com\/index.php?rest_route=\/wp\/v2\/users\/1"}],"replies":[{"embeddable":true,"href":"https:\/\/www.metalsuvak.com\/index.php?rest_route=%2Fwp%2Fv2%2Fcomments&post=2"}],"version-history":[{"count":5,"href":"https:\/\/www.metalsuvak.com\/index.php?rest_route=\/wp\/v2\/pages\/2\/revisions"}],"predecessor-version":[{"id":903,"href":"https:\/\/www.metalsuvak.com\/index.php?rest_route=\/wp\/v2\/pages\/2\/revisions\/903"}],"wp:attachment":[{"href":"https:\/\/www.metalsuvak.com\/index.php?rest_route=%2Fwp%2Fv2%2Fmedia&parent=2"}],"curies":[{"name":"wp","href":"https:\/\/api.w.org\/{rel}","templated":true}]}}